{"id":223,"date":"2025-04-16T16:15:37","date_gmt":"2025-04-16T14:15:37","guid":{"rendered":"https:\/\/eeudf.org\/annecy-chambery\/?page_id=223"},"modified":"2025-04-16T18:13:59","modified_gmt":"2025-04-16T16:13:59","slug":"lactualite-des-aines","status":"publish","type":"page","link":"https:\/\/eeudf.org\/annecy-chambery\/lactualite-des-aines\/","title":{"rendered":"L’Actualit\u00e9 des A\u00een\u00e9s"},"content":{"rendered":"","protected":false},"excerpt":{"rendered":"","protected":false},"author":165,"featured_media":0,"parent":0,"menu_order":0,"comment_status":"closed","ping_status":"closed","template":"","meta":{"_acf_changed":false,"footnotes":""},"class_list":["post-223","page","type-page","status-publish","hentry"],"acf":[],"_links":{"self":[{"href":"https:\/\/eeudf.org\/annecy-chambery\/wp-json\/wp\/v2\/pages\/223"}],"collection":[{"href":"https:\/\/eeudf.org\/annecy-chambery\/wp-json\/wp\/v2\/pages"}],"about":[{"href":"https:\/\/eeudf.org\/annecy-chambery\/wp-json\/wp\/v2\/types\/page"}],"author":[{"embeddable":true,"href":"https:\/\/eeudf.org\/annecy-chambery\/wp-json\/wp\/v2\/users\/165"}],"replies":[{"embeddable":true,"href":"https:\/\/eeudf.org\/annecy-chambery\/wp-json\/wp\/v2\/comments?post=223"}],"version-history":[{"count":6,"href":"https:\/\/eeudf.org\/annecy-chambery\/wp-json\/wp\/v2\/pages\/223\/revisions"}],"predecessor-version":[{"id":309,"href":"https:\/\/eeudf.org\/annecy-chambery\/wp-json\/wp\/v2\/pages\/223\/revisions\/309"}],"wp:attachment":[{"href":"https:\/\/eeudf.org\/annecy-chambery\/wp-json\/wp\/v2\/media?parent=223"}],"curies":[{"name":"wp","href":"https:\/\/api.w.org\/{rel}","templated":true}]}}