{"id":286,"date":"2025-04-16T18:13:07","date_gmt":"2025-04-16T16:13:07","guid":{"rendered":"https:\/\/eeudf.org\/annecy-chambery\/?page_id=286"},"modified":"2025-09-21T13:52:54","modified_gmt":"2025-09-21T11:52:54","slug":"les-dauphaines-aines-2ieme-etape","status":"publish","type":"page","link":"https:\/\/eeudf.org\/annecy-chambery\/les-dauphaines-aines-2ieme-etape\/","title":{"rendered":"Les Dauph\u00c2in\u00e9s – A\u00een\u00e9s 2023-2025"},"content":{"rendered":"","protected":true},"excerpt":{"rendered":"","protected":true},"author":165,"featured_media":0,"parent":0,"menu_order":0,"comment_status":"closed","ping_status":"closed","template":"","meta":{"_acf_changed":false,"footnotes":""},"class_list":["post-286","page","type-page","status-publish","post-password-required","hentry"],"acf":[],"_links":{"self":[{"href":"https:\/\/eeudf.org\/annecy-chambery\/wp-json\/wp\/v2\/pages\/286"}],"collection":[{"href":"https:\/\/eeudf.org\/annecy-chambery\/wp-json\/wp\/v2\/pages"}],"about":[{"href":"https:\/\/eeudf.org\/annecy-chambery\/wp-json\/wp\/v2\/types\/page"}],"author":[{"embeddable":true,"href":"https:\/\/eeudf.org\/annecy-chambery\/wp-json\/wp\/v2\/users\/165"}],"replies":[{"embeddable":true,"href":"https:\/\/eeudf.org\/annecy-chambery\/wp-json\/wp\/v2\/comments?post=286"}],"version-history":[{"count":9,"href":"https:\/\/eeudf.org\/annecy-chambery\/wp-json\/wp\/v2\/pages\/286\/revisions"}],"predecessor-version":[{"id":1342,"href":"https:\/\/eeudf.org\/annecy-chambery\/wp-json\/wp\/v2\/pages\/286\/revisions\/1342"}],"wp:attachment":[{"href":"https:\/\/eeudf.org\/annecy-chambery\/wp-json\/wp\/v2\/media?parent=286"}],"curies":[{"name":"wp","href":"https:\/\/api.w.org\/{rel}","templated":true}]}}